{"id":3690,"date":"2021-11-25T10:01:00","date_gmt":"2021-11-25T09:01:00","guid":{"rendered":"https:\/\/quicktimelogistica.it\/test-wplm-page\/"},"modified":"2021-11-25T16:00:15","modified_gmt":"2021-11-25T15:00:15","slug":"test-wplm-page","status":"publish","type":"page","link":"https:\/\/quicktimelogistica.it\/fr\/test-wplm-page\/","title":{"rendered":"Page d&rsquo;essai de WPLM"},"content":{"rendered":"\t\t<div data-elementor-type=\"wp-page\" data-elementor-id=\"3690\" class=\"elementor elementor-3690\" data-elementor-post-type=\"page\">\n\t\t\t\t\t\t<section class=\"elementor-section elementor-top-section elementor-element elementor-element-15beff5 elementor-section-boxed elementor-section-height-default elementor-section-height-default\" data-id=\"15beff5\" data-element_type=\"section\" data-e-type=\"section\">\n\t\t\t\t\t\t<div class=\"elementor-container elementor-column-gap-default\">\n\t\t\t\t\t<div class=\"elementor-column elementor-col-100 elementor-top-column elementor-element elementor-element-67529d5\" data-id=\"67529d5\" data-element_type=\"column\" data-e-type=\"column\">\n\t\t\t<div class=\"elementor-widget-wrap elementor-element-populated\">\n\t\t\t\t\t\t<div class=\"elementor-element elementor-element-88bda5f elementor-widget elementor-widget-text-editor\" data-id=\"88bda5f\" data-element_type=\"widget\" data-e-type=\"widget\" data-widget_type=\"text-editor.default\">\n\t\t\t\t<div class=\"elementor-widget-container\">\n\t\t\t\t\t\t\t\t\t<p><span style=\"font-weight: 400;\">NOUS SOMMES <\/span><b>QUALIFI\u00c9 <\/b><span style=\"font-weight: 400;\">POUR LE STOCKAGE, LA GESTION, LE CATALOGAGE ET L&rsquo;ARCHIVAGE DE TOUS TYPES D&rsquo;INFORMATIONS. <\/span><b>MAT\u00c9RIEL <\/b><span style=\"font-weight: 400;\">PAPIER ET NUM\u00c9RIQUE.<\/span><\/p>\n<p><span style=\"font-weight: 400;\">VOS DOCUMENTS SONT TOUJOURS <\/span><i><br \/>\n  <span style=\"font-weight: 400;\">R\u00c9CUP\u00c9RABLE <\/span><br \/>\n<\/i><span style=\"font-weight: 400;\">VIA NOTRE <\/span><i><br \/>\n  <span style=\"font-weight: 400;\">LOGICIEL <\/span><br \/>\n<\/i><span style=\"font-weight: 400;\">LOGICIEL DE GESTION DE DOCUMENTS ; <\/span><span style=\"font-weight: 400;\">NUM\u00c9RISATION ET ENVOI DE DOCUMENTS PAR NOTRE \u00c9QUIPE<\/span><\/p>\n\t\t\t\t\t\t\t\t<\/div>\n\t\t\t\t<\/div>\n\t\t\t\t\t<\/div>\n\t\t<\/div>\n\t\t\t\t\t<\/div>\n\t\t<\/section>\n\t\t\t\t<\/div>\n\t\t","protected":false},"excerpt":{"rendered":"<p>NOUS SOMMES QUALIFI\u00c9 POUR LE STOCKAGE, LA GESTION, LE CATALOGAGE ET L&rsquo;ARCHIVAGE DE TOUS TYPES D&rsquo;INFORMATIONS. MAT\u00c9RIEL PAPIER ET NUM\u00c9RIQUE. VOS DOCUMENTS SONT TOUJOURS R\u00c9CUP\u00c9RABLE VIA NOTRE LOGICIEL LOGICIEL DE GESTION DE DOCUMENTS ; NUM\u00c9RISATION ET ENVOI DE DOCUMENTS PAR NOTRE \u00c9QUIPE<\/p>\n","protected":false},"author":1,"featured_media":0,"parent":0,"menu_order":0,"comment_status":"closed","ping_status":"closed","template":"","meta":{"footnotes":""},"class_list":["post-3690","page","type-page","status-publish","hentry"],"_links":{"self":[{"href":"https:\/\/quicktimelogistica.it\/fr\/wp-json\/wp\/v2\/pages\/3690","targetHints":{"allow":["GET"]}}],"collection":[{"href":"https:\/\/quicktimelogistica.it\/fr\/wp-json\/wp\/v2\/pages"}],"about":[{"href":"https:\/\/quicktimelogistica.it\/fr\/wp-json\/wp\/v2\/types\/page"}],"author":[{"embeddable":true,"href":"https:\/\/quicktimelogistica.it\/fr\/wp-json\/wp\/v2\/users\/1"}],"replies":[{"embeddable":true,"href":"https:\/\/quicktimelogistica.it\/fr\/wp-json\/wp\/v2\/comments?post=3690"}],"version-history":[{"count":4,"href":"https:\/\/quicktimelogistica.it\/fr\/wp-json\/wp\/v2\/pages\/3690\/revisions"}],"predecessor-version":[{"id":3701,"href":"https:\/\/quicktimelogistica.it\/fr\/wp-json\/wp\/v2\/pages\/3690\/revisions\/3701"}],"wp:attachment":[{"href":"https:\/\/quicktimelogistica.it\/fr\/wp-json\/wp\/v2\/media?parent=3690"}],"curies":[{"name":"wp","href":"https:\/\/api.w.org\/{rel}","templated":true}]}}